{"id":982,"date":"2017-01-13T15:31:50","date_gmt":"2017-01-13T14:31:50","guid":{"rendered":"http:\/\/www.boehlk.eu\/mittelalterorte\/?page_id=982"},"modified":"2017-01-24T10:40:28","modified_gmt":"2017-01-24T09:40:28","slug":"das-haus-des-fuersten-wolfgang","status":"publish","type":"page","link":"https:\/\/www.boehlk.eu\/mittelalterorte\/die-leuchte\/das-haus-des-fuersten-wolfgang\/","title":{"rendered":"Das Haus des F\u00fcrsten Wolfgang"},"content":{"rendered":"<div class=\"wpb-content-wrapper\"><p>[vc_row css=&#8220;.vc_custom_1485250482784{background-color: #ededed !important;}&#8220;][vc_column][vc_single_image image=&#8220;1148&#8243; img_size=&#8220;full&#8220; add_caption=&#8220;yes&#8220; alignment=&#8220;center&#8220;][\/vc_column][\/vc_row][vc_row equal_height=&#8220;yes&#8220; content_placement=&#8220;top&#8220;][vc_column width=&#8220;1\/2&#8243;][vc_single_image image=&#8220;1038&#8243; img_size=&#8220;full&#8220; add_caption=&#8220;yes&#8220; onclick=&#8220;img_link_large&#8220;][\/vc_column][vc_column width=&#8220;1\/2&#8243;][vc_single_image image=&#8220;1043&#8243; img_size=&#8220;full&#8220; add_caption=&#8220;yes&#8220; onclick=&#8220;img_link_large&#8220;][\/vc_column][\/vc_row][vc_row][vc_column width=&#8220;1\/3&#8243;][vc_single_image image=&#8220;1059&#8243; img_size=&#8220;full&#8220; add_caption=&#8220;yes&#8220; onclick=&#8220;zoom&#8220;][\/vc_column][vc_column width=&#8220;2\/3&#8243;][vc_column_text]Die \u201eLeuchte\u201c pr\u00e4sentiert sich dem heutigen Betrachter in einer grundlegend gewandelten Gestalt. Knapp 30 Jahre nach seiner Errichtung wurde der urspr\u00fcnglich knapp 14 m lange, 10,5 m tiefe und ca. 17 m hohe, turmartige \u201eWolfgangbau\u201c durch den halleschen Ratsbaumeister Nickel Hoffmann um einen 43-m-Anbau zum \u201eLangen Haus\u201c erweitert. Hoffmann gilt als ein Baumeister, der sich kongenial in bestehende Architektur einf\u00fchlen konnte und dem bei der Weiterf\u00fchrung bestehender Bauwerke die Verbindung von \u00fcberkommenen und modernen Gliederungs- und Stilelementen gelang.<span class=\"footnote_referrer\"><a role=\"button\" tabindex=\"0\" onclick=\"footnote_moveToReference_982_1('footnote_plugin_reference_982_1_1');\" onkeypress=\"footnote_moveToReference_982_1('footnote_plugin_reference_982_1_1');\" ><sup id=\"footnote_plugin_tooltip_982_1_1\" class=\"footnote_plugin_tooltip_text\">[1]<\/sup><\/a><span id=\"footnote_plugin_tooltip_text_982_1_1\" class=\"footnote_tooltip\">Broda 1998, S. 300. <\/span><\/span><script type=\"text\/javascript\"> jQuery('#footnote_plugin_tooltip_982_1_1').tooltip({ tip: '#footnote_plugin_tooltip_text_982_1_1', tipClass: 'footnote_tooltip', effect: 'fade', predelay: 0, fadeInSpeed: 200, delay: 400, fadeOutSpeed: 200, position: 'top center', relative: true, offset: [-7, 0], });<\/script> Die Harmonisierung der Giebelzone bei der Rekonstruktion in den 1930er-Jahren<span class=\"footnote_referrer\"><a role=\"button\" tabindex=\"0\" onclick=\"footnote_moveToReference_982_1('footnote_plugin_reference_982_1_2');\" onkeypress=\"footnote_moveToReference_982_1('footnote_plugin_reference_982_1_2');\" ><sup id=\"footnote_plugin_tooltip_982_1_2\" class=\"footnote_plugin_tooltip_text\">[2]<\/sup><\/a><span id=\"footnote_plugin_tooltip_text_982_1_2\" class=\"footnote_tooltip\">R\u00fcdiger 2008, S. 109 ff. <\/span><\/span><script type=\"text\/javascript\"> jQuery('#footnote_plugin_tooltip_982_1_2').tooltip({ tip: '#footnote_plugin_tooltip_text_982_1_2', tipClass: 'footnote_tooltip', effect: 'fade', predelay: 0, fadeInSpeed: 200, delay: 400, fadeOutSpeed: 200, position: 'top center', relative: true, offset: [-7, 0], });<\/script> \u201egl\u00e4ttete\u201c die S\u00fcdansicht des \u201eLangen Hauses\u201c weiter. Es f\u00e4llt daher dem heutigen Betrachter schwer, den urspr\u00fcnglichen \u201eWolfgangbau\u201c von seiner gr\u00f6\u00dferen Erweiterung zu unterscheiden. Eine Baunaht und ein etwas breiterer Pilaster kennzeichnen den \u00dcbergang.[\/vc_column_text][\/vc_column][\/vc_row][vc_row][vc_column][vc_custom_heading text=&#8220;Andreas G\u00fcnther oder Nickel Hoffmann: Wer gestaltete die Giebel?&#8220; font_container=&#8220;tag:div|text_align:left&#8220; use_theme_fonts=&#8220;yes&#8220; el_class=&#8220;zu_leuchte&#8220;][\/vc_column][\/vc_row][vc_row][vc_column width=&#8220;1\/3&#8243;][vc_single_image image=&#8220;1044&#8243; img_size=&#8220;full&#8220; add_caption=&#8220;yes&#8220; onclick=&#8220;zoom&#8220;][\/vc_column][vc_column width=&#8220;2\/3&#8243;][vc_column_text]Unklar ist derzeit, wie stark Nickel Hoffmann den urspr\u00fcnglichen Bau der \u201eLeuchte\u201c ver\u00e4nderte. Einerseits wird angenommen, dass Andreas G\u00fcnther die Giebelzone einst mit sogenannten \u201ewelschen Giebeln\u201c bekr\u00f6nte<span class=\"footnote_referrer\"><a role=\"button\" tabindex=\"0\" onclick=\"footnote_moveToReference_982_1('footnote_plugin_reference_982_1_3');\" onkeypress=\"footnote_moveToReference_982_1('footnote_plugin_reference_982_1_3');\" ><sup id=\"footnote_plugin_tooltip_982_1_3\" class=\"footnote_plugin_tooltip_text\">[3]<\/sup><\/a><span id=\"footnote_plugin_tooltip_text_982_1_3\" class=\"footnote_tooltip\">R\u00fcdiger 2008, S. 88. <\/span><\/span><script type=\"text\/javascript\"> jQuery('#footnote_plugin_tooltip_982_1_3').tooltip({ tip: '#footnote_plugin_tooltip_text_982_1_3', tipClass: 'footnote_tooltip', effect: 'fade', predelay: 0, fadeInSpeed: 200, delay: 400, fadeOutSpeed: 200, position: 'top center', relative: true, offset: [-7, 0], });<\/script>, die dann beim sp\u00e4teren Ausbau zum \u201eLangen Haus\u201c von Nickel Hoffmann zeitgen\u00f6ssisch \u00fcberformt wurden. Die bauzeitliche Giebelbekr\u00f6nung der \u201eLeuchte\u201c d\u00fcrfte bei dieser Variante der Gestaltung der\u00a0ebenfalls von G\u00fcnther errichteten Schl\u00f6sser Hinter- und Forderglauchau in Glauchau (Freistaat Sachsen) ge\u00e4hnelt haben.[\/vc_column_text][\/vc_column][\/vc_row][vc_row][vc_column width=&#8220;1\/3&#8243;][vc_single_image image=&#8220;1045&#8243; img_size=&#8220;full&#8220; add_caption=&#8220;yes&#8220; onclick=&#8220;zoom&#8220;][\/vc_column][vc_column width=&#8220;2\/3&#8243;][vc_column_text]Andererseits existiert auch die von Franz Stieler ge\u00e4u\u00dferte Deutung,<span class=\"footnote_referrer\"><a role=\"button\" tabindex=\"0\" onclick=\"footnote_moveToReference_982_1('footnote_plugin_reference_982_1_4');\" onkeypress=\"footnote_moveToReference_982_1('footnote_plugin_reference_982_1_4');\" ><sup id=\"footnote_plugin_tooltip_982_1_4\" class=\"footnote_plugin_tooltip_text\">[4]<\/sup><\/a><span id=\"footnote_plugin_tooltip_text_982_1_4\" class=\"footnote_tooltip\">Stieler 1954, S. 40. <\/span><\/span><script type=\"text\/javascript\"> jQuery('#footnote_plugin_tooltip_982_1_4').tooltip({ tip: '#footnote_plugin_tooltip_text_982_1_4', tipClass: 'footnote_tooltip', effect: 'fade', predelay: 0, fadeInSpeed: 200, delay: 400, fadeOutSpeed: 200, position: 'top center', relative: true, offset: [-7, 0], });<\/script> dass Nickel Hoffmann die Giebelgestaltung G\u00fcnthers f\u00fcr das gesamte \u201eLange Haus\u201c \u00fcbernommen haben k\u00f6nnte.<span class=\"footnote_referrer\"><a role=\"button\" tabindex=\"0\" onclick=\"footnote_moveToReference_982_1('footnote_plugin_reference_982_1_5');\" onkeypress=\"footnote_moveToReference_982_1('footnote_plugin_reference_982_1_5');\" ><sup id=\"footnote_plugin_tooltip_982_1_5\" class=\"footnote_plugin_tooltip_text\">[5]<\/sup><\/a><span id=\"footnote_plugin_tooltip_text_982_1_5\" class=\"footnote_tooltip\">Broda 1998, S. 222. <\/span><\/span><script type=\"text\/javascript\"> jQuery('#footnote_plugin_tooltip_982_1_5').tooltip({ tip: '#footnote_plugin_tooltip_text_982_1_5', tipClass: 'footnote_tooltip', effect: 'fade', predelay: 0, fadeInSpeed: 200, delay: 400, fadeOutSpeed: 200, position: 'top center', relative: true, offset: [-7, 0], });<\/script> Diese Annahme erscheint aber weniger wahrscheinlich.<span class=\"footnote_referrer\"><a role=\"button\" tabindex=\"0\" onclick=\"footnote_moveToReference_982_1('footnote_plugin_reference_982_1_6');\" onkeypress=\"footnote_moveToReference_982_1('footnote_plugin_reference_982_1_6');\" ><sup id=\"footnote_plugin_tooltip_982_1_6\" class=\"footnote_plugin_tooltip_text\">[6]<\/sup><\/a><span id=\"footnote_plugin_tooltip_text_982_1_6\" class=\"footnote_tooltip\">Neugebauer 2011, S. 130. <\/span><\/span><script type=\"text\/javascript\"> jQuery('#footnote_plugin_tooltip_982_1_6').tooltip({ tip: '#footnote_plugin_tooltip_text_982_1_6', tipClass: 'footnote_tooltip', effect: 'fade', predelay: 0, fadeInSpeed: 200, delay: 400, fadeOutSpeed: 200, position: 'top center', relative: true, offset: [-7, 0], });<\/script> Interessant ist eine gewisse \u00c4hnlichkeit der Gestaltung der oberen Abschnitte der Bernburger Eckt\u00fcrme zum Turmerker des kurz nach dem Bauauftrag in Bernburg von Hoffmann errichteten Schweinfurter Rathauses. Auch dort ist das polygonale Turmoberteil mit kleinen runden \u00d6ffnungen (Oculi) versehen.<span class=\"footnote_referrer\"><a role=\"button\" tabindex=\"0\" onclick=\"footnote_moveToReference_982_1('footnote_plugin_reference_982_1_7');\" onkeypress=\"footnote_moveToReference_982_1('footnote_plugin_reference_982_1_7');\" ><sup id=\"footnote_plugin_tooltip_982_1_7\" class=\"footnote_plugin_tooltip_text\">[7]<\/sup><\/a><span id=\"footnote_plugin_tooltip_text_982_1_7\" class=\"footnote_tooltip\">Wagener 2009. <\/span><\/span><script type=\"text\/javascript\"> jQuery('#footnote_plugin_tooltip_982_1_7').tooltip({ tip: '#footnote_plugin_tooltip_text_982_1_7', tipClass: 'footnote_tooltip', effect: 'fade', predelay: 0, fadeInSpeed: 200, delay: 400, fadeOutSpeed: 200, position: 'top center', relative: true, offset: [-7, 0], });<\/script>[\/vc_column_text][\/vc_column][\/vc_row][vc_row][vc_column][vc_widget_sidebar sidebar_id=&#8220;ca-sidebar-1080&#8243;][\/vc_column][\/vc_row]<\/p>\n<\/div><div class=\"speaker-mute footnotes_reference_container\"> <div class=\"footnote_container_prepare\"><p><span role=\"button\" tabindex=\"0\" class=\"footnote_reference_container_label pointer\" onclick=\"footnote_expand_collapse_reference_container_982_1();\">Fu\u00dfnoten<\/span><span role=\"button\" tabindex=\"0\" class=\"footnote_reference_container_collapse_button\" style=\"display: none;\" onclick=\"footnote_expand_collapse_reference_container_982_1();\">[<a id=\"footnote_reference_container_collapse_button_982_1\">+<\/a>]<\/span><\/p><\/div> <div id=\"footnote_references_container_982_1\" style=\"\"><table class=\"footnotes_table footnote-reference-container\"><caption class=\"accessibility\">Fu\u00dfnoten<\/caption> <tbody> \r\n\r\n<tr class=\"footnotes_plugin_reference_row\"> <th scope=\"row\" class=\"footnote_plugin_index_combi pointer\"  onclick=\"footnote_moveToAnchor_982_1('footnote_plugin_tooltip_982_1_1');\"><a id=\"footnote_plugin_reference_982_1_1\" class=\"footnote_backlink\"><span class=\"footnote_index_arrow\">&#8593;<\/span>1<\/a><\/th> <td class=\"footnote_plugin_text\">Broda 1998, S. 300. <\/td><\/tr>\r\n\r\n<tr class=\"footnotes_plugin_reference_row\"> <th scope=\"row\" class=\"footnote_plugin_index_combi pointer\"  onclick=\"footnote_moveToAnchor_982_1('footnote_plugin_tooltip_982_1_2');\"><a id=\"footnote_plugin_reference_982_1_2\" class=\"footnote_backlink\"><span class=\"footnote_index_arrow\">&#8593;<\/span>2<\/a><\/th> <td class=\"footnote_plugin_text\">R\u00fcdiger 2008, S. 109 ff. <\/td><\/tr>\r\n\r\n<tr class=\"footnotes_plugin_reference_row\"> <th scope=\"row\" class=\"footnote_plugin_index_combi pointer\"  onclick=\"footnote_moveToAnchor_982_1('footnote_plugin_tooltip_982_1_3');\"><a id=\"footnote_plugin_reference_982_1_3\" class=\"footnote_backlink\"><span class=\"footnote_index_arrow\">&#8593;<\/span>3<\/a><\/th> <td class=\"footnote_plugin_text\">R\u00fcdiger 2008, S. 88. <\/td><\/tr>\r\n\r\n<tr class=\"footnotes_plugin_reference_row\"> <th scope=\"row\" class=\"footnote_plugin_index_combi pointer\"  onclick=\"footnote_moveToAnchor_982_1('footnote_plugin_tooltip_982_1_4');\"><a id=\"footnote_plugin_reference_982_1_4\" class=\"footnote_backlink\"><span class=\"footnote_index_arrow\">&#8593;<\/span>4<\/a><\/th> <td class=\"footnote_plugin_text\">Stieler 1954, S. 40. <\/td><\/tr>\r\n\r\n<tr class=\"footnotes_plugin_reference_row\"> <th scope=\"row\" class=\"footnote_plugin_index_combi pointer\"  onclick=\"footnote_moveToAnchor_982_1('footnote_plugin_tooltip_982_1_5');\"><a id=\"footnote_plugin_reference_982_1_5\" class=\"footnote_backlink\"><span class=\"footnote_index_arrow\">&#8593;<\/span>5<\/a><\/th> <td class=\"footnote_plugin_text\">Broda 1998, S. 222. <\/td><\/tr>\r\n\r\n<tr class=\"footnotes_plugin_reference_row\"> <th scope=\"row\" class=\"footnote_plugin_index_combi pointer\"  onclick=\"footnote_moveToAnchor_982_1('footnote_plugin_tooltip_982_1_6');\"><a id=\"footnote_plugin_reference_982_1_6\" class=\"footnote_backlink\"><span class=\"footnote_index_arrow\">&#8593;<\/span>6<\/a><\/th> <td class=\"footnote_plugin_text\">Neugebauer 2011, S. 130. <\/td><\/tr>\r\n\r\n<tr class=\"footnotes_plugin_reference_row\"> <th scope=\"row\" class=\"footnote_plugin_index_combi pointer\"  onclick=\"footnote_moveToAnchor_982_1('footnote_plugin_tooltip_982_1_7');\"><a id=\"footnote_plugin_reference_982_1_7\" class=\"footnote_backlink\"><span class=\"footnote_index_arrow\">&#8593;<\/span>7<\/a><\/th> <td class=\"footnote_plugin_text\">Wagener 2009. <\/td><\/tr>\r\n\r\n <\/tbody> <\/table> <\/div><\/div><script type=\"text\/javascript\"> function footnote_expand_reference_container_982_1() { jQuery('#footnote_references_container_982_1').show(); jQuery('#footnote_reference_container_collapse_button_982_1').text('\u2212'); } function footnote_collapse_reference_container_982_1() { jQuery('#footnote_references_container_982_1').hide(); jQuery('#footnote_reference_container_collapse_button_982_1').text('+'); } function footnote_expand_collapse_reference_container_982_1() { if (jQuery('#footnote_references_container_982_1').is(':hidden')) { footnote_expand_reference_container_982_1(); } else { footnote_collapse_reference_container_982_1(); } } function footnote_moveToReference_982_1(p_str_TargetID) { footnote_expand_reference_container_982_1(); var l_obj_Target = jQuery('#' + p_str_TargetID); if (l_obj_Target.length) { jQuery( 'html, body' ).delay( 0 ); jQuery('html, body').animate({ scrollTop: l_obj_Target.offset().top - window.innerHeight * 0.2 }, 380); } } function footnote_moveToAnchor_982_1(p_str_TargetID) { footnote_expand_reference_container_982_1(); var l_obj_Target = jQuery('#' + p_str_TargetID); if (l_obj_Target.length) { jQuery( 'html, body' ).delay( 0 ); jQuery('html, body').animate({ scrollTop: l_obj_Target.offset().top - window.innerHeight * 0.2 }, 380); } }<\/script>","protected":false},"excerpt":{"rendered":"<p>[vc_row css=&#8220;.vc_custom_1485250482784{background-color: #ededed !important;}&#8220;][vc_column][vc_single_image image=&#8220;1148&#8243; img_size=&#8220;full&#8220; add_caption=&#8220;yes&#8220; alignment=&#8220;center&#8220;][\/vc_column][\/vc_row][vc_row equal_height=&#8220;yes&#8220; content_placement=&#8220;top&#8220;][vc_column width=&#8220;1\/2&#8243;][vc_single_image image=&#8220;1038&#8243; img_size=&#8220;full&#8220; add_caption=&#8220;yes&#8220; onclick=&#8220;img_link_large&#8220;][\/vc_column][vc_column width=&#8220;1\/2&#8243;][vc_single_image image=&#8220;1043&#8243; img_size=&#8220;full&#8220; add_caption=&#8220;yes&#8220; onclick=&#8220;img_link_large&#8220;][\/vc_column][\/vc_row][vc_row][vc_column width=&#8220;1\/3&#8243;][vc_single_image image=&#8220;1059&#8243; img_size=&#8220;full&#8220; add_caption=&#8220;yes&#8220; onclick=&#8220;zoom&#8220;][\/vc_column][vc_column width=&#8220;2\/3&#8243;][vc_column_text]Die \u201eLeuchte\u201c pr\u00e4sentiert sich dem heutigen Betrachter in einer grundlegend gewandelten Gestalt. Knapp 30 Jahre &hellip; <a href=\"https:\/\/www.boehlk.eu\/mittelalterorte\/die-leuchte\/das-haus-des-fuersten-wolfgang\/\">Weiterlesen <span class=\"meta-nav\">&rarr;<\/span><\/a><\/p>\n","protected":false},"author":1,"featured_media":1148,"parent":971,"menu_order":2,"comment_status":"closed","ping_status":"closed","template":"","meta":{"footnotes":""},"class_list":["post-982","page","type-page","status-publish","has-post-thumbnail","hentry"],"_links":{"self":[{"href":"https:\/\/www.boehlk.eu\/mittelalterorte\/wp-json\/wp\/v2\/pages\/982","targetHints":{"allow":["GET"]}}],"collection":[{"href":"https:\/\/www.boehlk.eu\/mittelalterorte\/wp-json\/wp\/v2\/pages"}],"about":[{"href":"https:\/\/www.boehlk.eu\/mittelalterorte\/wp-json\/wp\/v2\/types\/page"}],"author":[{"embeddable":true,"href":"https:\/\/www.boehlk.eu\/mittelalterorte\/wp-json\/wp\/v2\/users\/1"}],"replies":[{"embeddable":true,"href":"https:\/\/www.boehlk.eu\/mittelalterorte\/wp-json\/wp\/v2\/comments?post=982"}],"version-history":[{"count":15,"href":"https:\/\/www.boehlk.eu\/mittelalterorte\/wp-json\/wp\/v2\/pages\/982\/revisions"}],"predecessor-version":[{"id":1149,"href":"https:\/\/www.boehlk.eu\/mittelalterorte\/wp-json\/wp\/v2\/pages\/982\/revisions\/1149"}],"up":[{"embeddable":true,"href":"https:\/\/www.boehlk.eu\/mittelalterorte\/wp-json\/wp\/v2\/pages\/971"}],"wp:featuredmedia":[{"embeddable":true,"href":"https:\/\/www.boehlk.eu\/mittelalterorte\/wp-json\/wp\/v2\/media\/1148"}],"wp:attachment":[{"href":"https:\/\/www.boehlk.eu\/mittelalterorte\/wp-json\/wp\/v2\/media?parent=982"}],"curies":[{"name":"wp","href":"https:\/\/api.w.org\/{rel}","templated":true}]}}