{"id":971,"date":"2017-01-13T15:28:53","date_gmt":"2017-01-13T14:28:53","guid":{"rendered":"http:\/\/www.boehlk.eu\/mittelalterorte\/?page_id=971"},"modified":"2017-01-24T14:00:09","modified_gmt":"2017-01-24T13:00:09","slug":"die-leuchte","status":"publish","type":"page","link":"https:\/\/www.boehlk.eu\/mittelalterorte\/die-leuchte\/","title":{"rendered":"Die \u201eLeuchte\u201c \u2013 ein architektonisches Juwel in der \u201eKrone Anhalts\u201c"},"content":{"rendered":"<div class=\"wpb-content-wrapper\"><p>[vc_row][vc_column][vc_single_image image=&#8220;1084&#8243; img_size=&#8220;full&#8220; add_caption=&#8220;yes&#8220;][\/vc_column][\/vc_row][vc_row][vc_column width=&#8220;1\/3&#8243;][vc_single_image image=&#8220;968&#8243; img_size=&#8220;full&#8220; add_caption=&#8220;yes&#8220; onclick=&#8220;link_image&#8220;][\/vc_column][vc_column width=&#8220;1\/3&#8243;][vc_row_inner][vc_column_inner][vc_column_text]Das Geb\u00e4ude der sogenannten \u201eLeuchte\u201c (auch als Wolfgang- oder Andreas-G\u00fcnther-Bau bezeichnet), mit seiner durch zwei Eckt\u00fcrme betonten und weit im Saaletal sichtbaren Schmuckfassade, bildet unzweifelhaft den architektonischen H\u00f6hepunkt des Bernburger Schlosses. Mit zahlreichen Erw\u00e4hnungen in einschl\u00e4gigen kunsthistorischen Aufs\u00e4tzen beansprucht das 1538\/39 von dem Baumeister Andreas G\u00fcnther f\u00fcr Wolfgang von Anhalt errichtete F\u00fcrstenhaus zweifelsohne unter allen Geb\u00e4uden des Bernburger Schlosses die meiste Aufmerksamkeit, auch wenn sich seine Gestalt seit der Erbauungszeit ma\u00dfgeblich ver\u00e4ndert hat.<\/p>\n<p style=\"text-align: right;\">Weiter: \u00a0<a href=\"http:\/\/www.boehlk.eu\/mittelalterorte\/die-leuchte\/die-gebaeudebezeichnung-leuchte\/\">Die Geb\u00e4udebezeichnung \u201eLeuchte\u201c<\/a><\/p>\n<p>[\/vc_column_text][\/vc_column_inner][\/vc_row_inner][\/vc_column][vc_column width=&#8220;1\/3&#8243;][vc_single_image image=&#8220;1112&#8243; img_size=&#8220;full&#8220; add_caption=&#8220;yes&#8220; style=&#8220;vc_box_shadow_border&#8220; onclick=&#8220;custom_link&#8220; img_link_target=&#8220;_blank&#8220; link=&#8220;http:\/\/www.boehlk.eu\/mittelalterorte\/files\/2017\/01\/Die-Leuchte-\u2013-ein-architektonisches-Juwel-der-Krone-Anhalts-v1.1.pdf&#8220;][vc_btn title=&#8220;Text als PDF-Datei downloaden&#8230;&#8220; color=&#8220;warning&#8220; size=&#8220;sm&#8220; align=&#8220;center&#8220; i_icon_fontawesome=&#8220;fa fa-file-pdf-o&#8220; button_block=&#8220;true&#8220; add_icon=&#8220;true&#8220; link=&#8220;url:http%3A%2F%2Fwww.boehlk.eu%2Fmittelalterorte%2Ffiles%2F2017%2F01%2FDie-Leuchte-%E2%80%93-ein-architektonisches-Juwel-der-Krone-Anhalts-v1.1.pdf|title:Download%20des%20Textes%20als%20PDF&#8230;|target:%20_blank|&#8220;][\/vc_column][\/vc_row][vc_row css=&#8220;.vc_custom_1484651267115{background-color: #e0e0e0 !important;}&#8220;][vc_column][vc_column_text]<strong>Inhaltsverzeichnis<\/strong><\/p>\n<p><ul><li><a href=\"https:\/\/www.boehlk.eu\/mittelalterorte\/die-leuchte\/die-gebaeudebezeichnung-leuchte\/\" class=\"\">Die Geb\u00e4udebezeichnung \u201eLeuchte\u201c<\/a><\/li><li><a href=\"https:\/\/www.boehlk.eu\/mittelalterorte\/die-leuchte\/das-haus-des-fuersten-wolfgang\/\" class=\"\">Das Haus des F\u00fcrsten Wolfgang<\/a><\/li><li><a href=\"https:\/\/www.boehlk.eu\/mittelalterorte\/die-leuchte\/baugestalt-und-symbolik-des-gebaeudes\/\" class=\"\">Baugestalt und Symbolik des Geb\u00e4udes<\/a><\/li><li><a href=\"https:\/\/www.boehlk.eu\/mittelalterorte\/die-leuchte\/bildprogramm\/\" class=\"\">Bildprogramm<\/a><\/li><li><a href=\"https:\/\/www.boehlk.eu\/mittelalterorte\/die-leuchte\/die-askanier-um-1500-dynastisches-selbstbewusstsein-im-wandel\/\" class=\"\">Die Askanier um 1500 \u2013 dynastisches Selbstbewusstsein im Wandel<\/a><\/li><li><a href=\"https:\/\/www.boehlk.eu\/mittelalterorte\/die-leuchte\/literaturverzeichnis\/\" class=\"\">Literaturverzeichnis<\/a><\/li><\/ul>[\/vc_column_text][\/vc_column][\/vc_row]<\/p>\n<\/div>","protected":false},"excerpt":{"rendered":"<p>Das Geb\u00e4ude der sogenannten \u201eLeuchte\u201c mit seiner durch zwei Eckt\u00fcrme betonten und weit im Saaletal sichtbaren Schmuckfassade, bildet unzweifelhaft den architektonischen H\u00f6hepunkt des Bernburger Schlosses.<\/p>\n","protected":false},"author":1,"featured_media":1141,"parent":0,"menu_order":0,"comment_status":"open","ping_status":"open","template":"","meta":{"footnotes":""},"class_list":["post-971","page","type-page","status-publish","has-post-thumbnail","hentry"],"_links":{"self":[{"href":"https:\/\/www.boehlk.eu\/mittelalterorte\/wp-json\/wp\/v2\/pages\/971","targetHints":{"allow":["GET"]}}],"collection":[{"href":"https:\/\/www.boehlk.eu\/mittelalterorte\/wp-json\/wp\/v2\/pages"}],"about":[{"href":"https:\/\/www.boehlk.eu\/mittelalterorte\/wp-json\/wp\/v2\/types\/page"}],"author":[{"embeddable":true,"href":"https:\/\/www.boehlk.eu\/mittelalterorte\/wp-json\/wp\/v2\/users\/1"}],"replies":[{"embeddable":true,"href":"https:\/\/www.boehlk.eu\/mittelalterorte\/wp-json\/wp\/v2\/comments?post=971"}],"version-history":[{"count":25,"href":"https:\/\/www.boehlk.eu\/mittelalterorte\/wp-json\/wp\/v2\/pages\/971\/revisions"}],"predecessor-version":[{"id":1153,"href":"https:\/\/www.boehlk.eu\/mittelalterorte\/wp-json\/wp\/v2\/pages\/971\/revisions\/1153"}],"wp:featuredmedia":[{"embeddable":true,"href":"https:\/\/www.boehlk.eu\/mittelalterorte\/wp-json\/wp\/v2\/media\/1141"}],"wp:attachment":[{"href":"https:\/\/www.boehlk.eu\/mittelalterorte\/wp-json\/wp\/v2\/media?parent=971"}],"curies":[{"name":"wp","href":"https:\/\/api.w.org\/{rel}","templated":true}]}}