{"id":264,"date":"2012-03-16T22:06:53","date_gmt":"2012-03-16T22:06:53","guid":{"rendered":"http:\/\/www.boehlk.eu\/mittelalterorte\/?page_id=264"},"modified":"2012-03-17T17:55:52","modified_gmt":"2012-03-17T17:55:52","slug":"verschuttete-geheimnisse-wie-sah-der-kaiplatz-vor-150-jahren-aus","status":"publish","type":"page","link":"https:\/\/www.boehlk.eu\/mittelalterorte\/verschuttete-geheimnisse-wie-sah-der-kaiplatz-vor-150-jahren-aus\/","title":{"rendered":"Versch\u00fcttete Geheimnisse &#8211; Wie sah der Kaiplatz vor 150 Jahren aus?"},"content":{"rendered":"<p>Wer kennt nicht den Bernburger Kaiplatz? Ob mit dem Auto oder zu Fu\u00df, an diesem wichtigen Ort am Saaleufer kommt kein Bernburger vorbei.<\/p>\n<p>Als die Saale noch aktiv zum G\u00fctertransport genutzt wurde, lag hier ein wichtiger Verkehrsknotenpunkt zwischen Fluss und Stra\u00dfe.<\/p>\n<p>Auf der gegen\u00fcberliegenden M\u00fchleninsel schlug seit 1219<span class=\"footnote_referrer\"><a role=\"button\" tabindex=\"0\" onclick=\"footnote_moveToReference_264_1('footnote_plugin_reference_264_1_1');\" onkeypress=\"footnote_moveToReference_264_1('footnote_plugin_reference_264_1_1');\" ><sup id=\"footnote_plugin_tooltip_264_1_1\" class=\"footnote_plugin_tooltip_text\">[1]<\/sup><\/a><span id=\"footnote_plugin_tooltip_text_264_1_1\" class=\"footnote_tooltip\">Auf den Spuren der Gotik &#8211;\u00a0Begleitband zum Kolloquium\u00a0Stadtgeschichte im Spannungsfeld\u00a0&#8211; Bernburgs Weg zur fr\u00fchneuzeitlichen Residenzstadt der F\u00fcrsten von Anhalt Bernburg: F\u00f6rderer&nbsp;&#x2026; <span class=\"footnote_tooltip_continue\"  onclick=\"footnote_moveToReference_264_1('footnote_plugin_reference_264_1_1');\">Continue reading<\/span><\/span><\/span><script type=\"text\/javascript\"> jQuery('#footnote_plugin_tooltip_264_1_1').tooltip({ tip: '#footnote_plugin_tooltip_text_264_1_1', tipClass: 'footnote_tooltip', effect: 'fade', predelay: 0, fadeInSpeed: 200, delay: 400, fadeOutSpeed: 200, position: 'top center', relative: true, offset: [-7, 0], });<\/script> das &#8222;fr\u00fchindustrielle&#8220; Herz der Stadt Bernburg.<\/p>\n<p>Die Produktion von Getreide, seine Verarbeitung und sein Export sind\u00a0auf das Engste mit der Geschichte unserer Stadt verbunden. Die derzeit leerstehende Bernburger\u00a0Saalem\u00fchle b\u00f6te sich deshalb in einzigartiger Form daf\u00fcr an, das von\u00a0Ottomar Tr\u00e4ger ab 1970 erarbeitete Konzept eines M\u00fchlenmuseums, erweitert um die Themen Landwirtschafts- und Industriegeschichte, hier fortzuf\u00fchren.<\/p>\n<p>Auch am sp\u00e4teren Kaiplatz ver\u00e4nderte der\u00a030-j\u00e4hrige Krieg das Aussehen und die Funktion der angrenzenden Stadtviertel grunds\u00e4tzlich.<\/p>\n<p>Im sp\u00e4ten Mittelalter reichten die in Fachwerkbauweise errichteten Wohnh\u00e4user bis dicht an die Stadtmauer heran.<\/p>\n<p>Diese Situation wird sehr anschaulich im Epitaphgem\u00e4lde der F\u00fcrstin Agnes von Barby (1540-1569) von Lucas Cranach d. J. (1515-1586) in der Klosterkirche Nienburg aus dem Jahr 1570 dargestellt.<\/p>\n<div id=\"attachment_266\" style=\"width: 760px\" class=\"wp-caption aligncenter\"><a href=\"http:\/\/www.boehlk.eu\/mittelalterorte\/files\/2012\/02\/Epitaph-Agnes-von-Barby-Talstadt-ausschnitt.jpg\" rel=\"lightbox[264]\"><img loading=\"lazy\" decoding=\"async\" aria-describedby=\"caption-attachment-266\" class=\" wp-image-266  \" src=\"http:\/\/www.boehlk.eu\/mittelalterorte\/files\/2012\/02\/Epitaph-Agnes-von-Barby-Talstadt-ausschnitt.jpg\" alt=\"\" width=\"750\" height=\"629\" srcset=\"https:\/\/www.boehlk.eu\/mittelalterorte\/files\/2012\/02\/Epitaph-Agnes-von-Barby-Talstadt-ausschnitt.jpg 750w, https:\/\/www.boehlk.eu\/mittelalterorte\/files\/2012\/02\/Epitaph-Agnes-von-Barby-Talstadt-ausschnitt-300x251.jpg 300w, https:\/\/www.boehlk.eu\/mittelalterorte\/files\/2012\/02\/Epitaph-Agnes-von-Barby-Talstadt-ausschnitt-357x300.jpg 357w\" sizes=\"auto, (max-width: 750px) 100vw, 750px\" \/><\/a><p id=\"caption-attachment-266\" class=\"wp-caption-text\">Ausschnitt aus dem im Jahr 1570 entstandenen Epitaphgem\u00e4lde der F\u00fcrstin Agnes (von Barby) (1540-1569) von Lucas Cranach d. J. in der Klosterkirche Nienburg. Die \u00e4lteste bekannte Abbildung der Stadt Bernburg.<\/p><\/div>\n<p>Besonders interessant ist die Abbildung der sogenannten &#8222;Krumbholzpforte&#8220; in der Stadtmauer mit ihrem Torhaus.<\/p>\n<p>Nach schwerwiegenden Zerst\u00f6rungen im 30-j\u00e4hrigen Krieg entstanden an der Ufermauer im 19. Jahrhundert Speichergeb\u00e4ude. Vor allem die F\u00e4hrgasse wurde nun zum Hafengel\u00e4nde an der Saale.<\/p>\n<div id=\"attachment_269\" style=\"width: 610px\" class=\"wp-caption aligncenter\"><a href=\"http:\/\/www.boehlk.eu\/mittelalterorte\/files\/2012\/03\/saalemuehle-und-schiffe.jpg\" rel=\"lightbox[264]\"><img loading=\"lazy\" decoding=\"async\" aria-describedby=\"caption-attachment-269\" class=\" wp-image-269 \" src=\"http:\/\/www.boehlk.eu\/mittelalterorte\/files\/2012\/03\/saalemuehle-und-schiffe.jpg\" alt=\"\" width=\"600\" height=\"394\" srcset=\"https:\/\/www.boehlk.eu\/mittelalterorte\/files\/2012\/03\/saalemuehle-und-schiffe.jpg 600w, https:\/\/www.boehlk.eu\/mittelalterorte\/files\/2012\/03\/saalemuehle-und-schiffe-300x197.jpg 300w, https:\/\/www.boehlk.eu\/mittelalterorte\/files\/2012\/03\/saalemuehle-und-schiffe-456x300.jpg 456w\" sizes=\"auto, (max-width: 600px) 100vw, 600px\" \/><\/a><p id=\"caption-attachment-269\" class=\"wp-caption-text\">Blick auf die Saalem\u00fchle vor dem Brand im Jahr 1879. Aus Bernburger Kalender, 1929, S.116<\/p><\/div>\n<p>Einen gro\u00dfen Einschnitt f\u00fcr das Gel\u00e4nde am Kaiplatz brachte der Bau des Bernburger Kurhauses, welches am 8. November 1902 der \u00d6ffentlichkeit \u00fcbergeben wurde<span class=\"footnote_referrer\"><a role=\"button\" tabindex=\"0\" onclick=\"footnote_moveToReference_264_1('footnote_plugin_reference_264_1_2');\" onkeypress=\"footnote_moveToReference_264_1('footnote_plugin_reference_264_1_2');\" ><sup id=\"footnote_plugin_tooltip_264_1_2\" class=\"footnote_plugin_tooltip_text\">[2]<\/sup><\/a><span id=\"footnote_plugin_tooltip_text_264_1_2\" class=\"footnote_tooltip\">Siehe dazu den Internet-Artikel <a title=\"100 Jahre Kurhaus Bernburg\" href=\"http:\/\/www.theater-bernburg.de\/kurhaus\/geschichte.html\" target=\"_blank\">&#8222;100 Jahre Kurhaus Bernburg&#8220;<\/a> <\/span><\/span><script type=\"text\/javascript\"> jQuery('#footnote_plugin_tooltip_264_1_2').tooltip({ tip: '#footnote_plugin_tooltip_text_264_1_2', tipClass: 'footnote_tooltip', effect: 'fade', predelay: 0, fadeInSpeed: 200, delay: 400, fadeOutSpeed: 200, position: 'top center', relative: true, offset: [-7, 0], });<\/script>.<\/p>\n<p>Im Zuge der Neuanbindung dieses Komplexes wurden umfangreich Erdarbeiten notwendig und das Areal am ehemaligen Saaleufer um mehrere Meter angehoben.\u00a0Die bisher vorhandene Stadtmauer versank so im Boden.<\/p>\n<p>Der urspr\u00fcngliche Verlauf der Stadtmauer war auf einem Plan der Stadt Bernburg aus dem Jahr 1860 ersichtlich.<\/p>\n<div id=\"attachment_270\" style=\"width: 610px\" class=\"wp-caption aligncenter\"><a href=\"http:\/\/www.boehlk.eu\/mittelalterorte\/files\/2012\/03\/Lage-Stadtmauerfragment-auf-Situationsplan-1860.jpg\" rel=\"lightbox[264]\"><img loading=\"lazy\" decoding=\"async\" aria-describedby=\"caption-attachment-270\" class=\"size-full wp-image-270\" src=\"http:\/\/www.boehlk.eu\/mittelalterorte\/files\/2012\/03\/Lage-Stadtmauerfragment-auf-Situationsplan-1860.jpg\" alt=\"\" width=\"600\" height=\"417\" srcset=\"https:\/\/www.boehlk.eu\/mittelalterorte\/files\/2012\/03\/Lage-Stadtmauerfragment-auf-Situationsplan-1860.jpg 600w, https:\/\/www.boehlk.eu\/mittelalterorte\/files\/2012\/03\/Lage-Stadtmauerfragment-auf-Situationsplan-1860-300x208.jpg 300w, https:\/\/www.boehlk.eu\/mittelalterorte\/files\/2012\/03\/Lage-Stadtmauerfragment-auf-Situationsplan-1860-431x300.jpg 431w\" sizes=\"auto, (max-width: 600px) 100vw, 600px\" \/><\/a><p id=\"caption-attachment-270\" class=\"wp-caption-text\">Der Kaiplatz - Ausschnitt aus dem Situationsplan der Stadt Bernburg (1860), Reproduktion: Museum Schloss Bernburg<\/p><\/div>\n<p>Dieser Verlauf konnte nun im Zuge mehrerer Bauarbeiten im vergangenen Jahr best\u00e4tigt werden.<\/p>\n<div id=\"attachment_277\" style=\"width: 910px\" class=\"wp-caption aligncenter\"><a href=\"http:\/\/www.boehlk.eu\/mittelalterorte\/files\/2012\/03\/Nachzeichnung-Kaiplatz-Legende.jpg\" rel=\"lightbox[264]\"><img loading=\"lazy\" decoding=\"async\" aria-describedby=\"caption-attachment-277\" class=\"size-full wp-image-277\" src=\"http:\/\/www.boehlk.eu\/mittelalterorte\/files\/2012\/03\/Nachzeichnung-Kaiplatz-Legende.jpg\" alt=\"\" width=\"900\" height=\"689\" srcset=\"https:\/\/www.boehlk.eu\/mittelalterorte\/files\/2012\/03\/Nachzeichnung-Kaiplatz-Legende.jpg 700w, https:\/\/www.boehlk.eu\/mittelalterorte\/files\/2012\/03\/Nachzeichnung-Kaiplatz-Legende-300x229.jpg 300w, https:\/\/www.boehlk.eu\/mittelalterorte\/files\/2012\/03\/Nachzeichnung-Kaiplatz-Legende-391x300.jpg 391w\" sizes=\"auto, (max-width: 900px) 100vw, 900px\" \/><\/a><p id=\"caption-attachment-277\" class=\"wp-caption-text\">Rekonstruktion des Stadtmauerverlaufs und der Lage des j\u00fcdischen Friedhofes am Kaiplatz. Grafik: Olaf B\u00f6hlk, Luftbild mit freundlicher Genehmigung von Steffen Mainka<\/p><\/div>\n<div id=\"attachment_272\" style=\"width: 211px\" class=\"wp-caption alignright\"><a href=\"http:\/\/www.boehlk.eu\/mittelalterorte\/files\/2012\/03\/kaiplatz-Ufermauer-kurhaus.jpg\" rel=\"lightbox[264]\"><img loading=\"lazy\" decoding=\"async\" aria-describedby=\"caption-attachment-272\" class=\"size-medium wp-image-272\" src=\"http:\/\/www.boehlk.eu\/mittelalterorte\/files\/2012\/03\/kaiplatz-Ufermauer-kurhaus-201x300.jpg\" alt=\"\" width=\"201\" height=\"300\" srcset=\"https:\/\/www.boehlk.eu\/mittelalterorte\/files\/2012\/03\/kaiplatz-Ufermauer-kurhaus-201x300.jpg 201w, https:\/\/www.boehlk.eu\/mittelalterorte\/files\/2012\/03\/kaiplatz-Ufermauer-kurhaus.jpg 402w\" sizes=\"auto, (max-width: 201px) 100vw, 201px\" \/><\/a><p id=\"caption-attachment-272\" class=\"wp-caption-text\">Ehemalige Ufermauer im Bereich des Kurhauses bei den Bauarbeiten am 09.06.2011<\/p><\/div>\n<p>Zun\u00e4chst wurde bei Tiefbauarbeiten in der N\u00e4he des Kurhauses am 09.06.2011 ein Eckfragment der ehemaligen Ufermauer angeschnitten, welches mehr als 4m tief in den Boden reichte.<\/p>\n<p>Dieses Fragment bildete den ersten Hinweis auf den Verlauf der ehemaligen Stadtmauer in diesem Bereich und die dort stattgefundenen massiven Erdaufsch\u00fcttungen.<\/p>\n<p>Der Fund best\u00e4tigte ebenfalls erstmals den Mauerverlauf auf dem Plan von 1860.<\/p>\n<p>Einen weiteren Hinweis \u00fcber Korrekturen in diesem Bereich der Ufermauer kann jeder Benutzer des neuen Uferweges unterhalb der heutigen Kaimauer ausmachen.\u00a0Dort zeichnet sich n\u00e4mlich eine deutlich sichtbare Mauerfuge ab, die den Beginn der nach 1860 errichteten neuen Kaimauer anzeigt. Die alte Mauer verschwindet hinter dieser Wand im Boden.<\/p>\n<div id=\"attachment_275\" style=\"width: 610px\" class=\"wp-caption aligncenter\"><a href=\"http:\/\/www.boehlk.eu\/mittelalterorte\/files\/2012\/03\/kaimauer-uebergang.jpg\" rel=\"lightbox[264]\"><img loading=\"lazy\" decoding=\"async\" aria-describedby=\"caption-attachment-275\" class=\"size-full wp-image-275\" src=\"http:\/\/www.boehlk.eu\/mittelalterorte\/files\/2012\/03\/kaimauer-uebergang.jpg\" alt=\"\" width=\"600\" height=\"450\" srcset=\"https:\/\/www.boehlk.eu\/mittelalterorte\/files\/2012\/03\/kaimauer-uebergang.jpg 600w, https:\/\/www.boehlk.eu\/mittelalterorte\/files\/2012\/03\/kaimauer-uebergang-300x225.jpg 300w, https:\/\/www.boehlk.eu\/mittelalterorte\/files\/2012\/03\/kaimauer-uebergang-400x300.jpg 400w\" sizes=\"auto, (max-width: 600px) 100vw, 600px\" \/><\/a><p id=\"caption-attachment-275\" class=\"wp-caption-text\">\u00dcbergang von der alten zur neuen Kaimauer am Uferweg.<\/p><\/div>\n<p>Einen H\u00f6hepunkt bei der Erkundung dieses Stadtmauerabschnittes bildete die arch\u00e4ologische Freilegung im Bereich vor der Einm\u00fcndung des Buschweges am 01.09.2011 durch Mitarbeiter des Anhaltischen F\u00f6rdervereins f\u00fcr Naturkunde und Geschichte e. V.<\/p>\n<div id=\"attachment_279\" style=\"width: 411px\" class=\"wp-caption aligncenter\"><a href=\"http:\/\/www.boehlk.eu\/mittelalterorte\/files\/2012\/03\/abschnitt-buschweg.jpg\" rel=\"lightbox[264]\"><img loading=\"lazy\" decoding=\"async\" aria-describedby=\"caption-attachment-279\" class=\"size-full wp-image-279\" src=\"http:\/\/www.boehlk.eu\/mittelalterorte\/files\/2012\/03\/abschnitt-buschweg.jpg\" alt=\"\" width=\"401\" height=\"600\" srcset=\"https:\/\/www.boehlk.eu\/mittelalterorte\/files\/2012\/03\/abschnitt-buschweg.jpg 401w, https:\/\/www.boehlk.eu\/mittelalterorte\/files\/2012\/03\/abschnitt-buschweg-200x300.jpg 200w\" sizes=\"auto, (max-width: 401px) 100vw, 401px\" \/><\/a><p id=\"caption-attachment-279\" class=\"wp-caption-text\">Ausgrabung Stadtmauer im Bereich der Einm\u00fcndung Buschweg durch Katharina Heilmann (Anhaltischer F\u00f6rderverein f\u00fcr Naturkunde und Geschichte e. V.) am 01.09.2011 Foto: Olaf B\u00f6hlk mit freundlicher Genehmigung des Anhaltischen F\u00f6rdervereins f\u00fcr Naturkunde und Geschichte e. V.<\/p><\/div>\n<p>Mit der Freilegung des Mauerverlaufs im Bereich des Vorgartens der ehemaligen kinderpsychiatrischen\u00a0Klinik wurde klar, dass die Futtermauer auf der ehemaligen Stadtmauer errichtet wurde.<\/p>\n<div id=\"attachment_280\" style=\"width: 460px\" class=\"wp-caption aligncenter\"><a href=\"http:\/\/www.boehlk.eu\/mittelalterorte\/files\/2012\/03\/abschnitt-vorgarten-ehem-kinderpsychiatrie.jpg\" rel=\"lightbox[264]\"><img loading=\"lazy\" decoding=\"async\" aria-describedby=\"caption-attachment-280\" class=\"size-full wp-image-280\" src=\"http:\/\/www.boehlk.eu\/mittelalterorte\/files\/2012\/03\/abschnitt-vorgarten-ehem-kinderpsychiatrie.jpg\" alt=\"\" width=\"450\" height=\"600\" srcset=\"https:\/\/www.boehlk.eu\/mittelalterorte\/files\/2012\/03\/abschnitt-vorgarten-ehem-kinderpsychiatrie.jpg 450w, https:\/\/www.boehlk.eu\/mittelalterorte\/files\/2012\/03\/abschnitt-vorgarten-ehem-kinderpsychiatrie-225x300.jpg 225w\" sizes=\"auto, (max-width: 450px) 100vw, 450px\" \/><\/a><p id=\"caption-attachment-280\" class=\"wp-caption-text\">Die Futtermauer des Vorgartens der ehemaligen kinderpsychiatrischen Klinik wurde auf der Stadtmauer errichtet.<\/p><\/div>\n<p>Auch die im Plan von 1860 eingetragene Richtungs\u00e4nderung der Stadtmauer vor der heutigen Einm\u00fcndung des Buschweges entsprach der Realit\u00e4t.<\/p>\n<div id=\"attachment_281\" style=\"width: 460px\" class=\"wp-caption aligncenter\"><a href=\"http:\/\/www.boehlk.eu\/mittelalterorte\/files\/2012\/03\/abschnitt-buschweg-2.jpg\" rel=\"lightbox[264]\"><img loading=\"lazy\" decoding=\"async\" aria-describedby=\"caption-attachment-281\" class=\"size-full wp-image-281\" src=\"http:\/\/www.boehlk.eu\/mittelalterorte\/files\/2012\/03\/abschnitt-buschweg-2.jpg\" alt=\"\" width=\"450\" height=\"600\" srcset=\"https:\/\/www.boehlk.eu\/mittelalterorte\/files\/2012\/03\/abschnitt-buschweg-2.jpg 450w, https:\/\/www.boehlk.eu\/mittelalterorte\/files\/2012\/03\/abschnitt-buschweg-2-225x300.jpg 225w\" sizes=\"auto, (max-width: 450px) 100vw, 450px\" \/><\/a><p id=\"caption-attachment-281\" class=\"wp-caption-text\">Die Richtungs\u00e4nderung der Mauer vor der Einm\u00fcndung Buschweg entsprach der Planzeichnung von 1860.<\/p><\/div>\n<h2>Zusammenfassung<\/h2>\n<p>Zur Entstehungszeit des Situationsplanes der Stadt Bernburg, im Jahr 1860, bestand im Bereich des heutigen Kaiplatzes eine v\u00f6llig andere Situation, als wir sie heute erleben k\u00f6nnen.<\/p>\n<p>Den Platz, wie er sich derzeit darstellt, gab es nicht. Stattdessen verlief die Stadtmauer in engem Abstand vor den Fassaden der angrenzenden Hausgrundst\u00fccke, wie auf dem Epitaphgem\u00e4lde aus dem Jahr 1570 dargestellt.<\/p>\n<p>Der heutige Kaiplatz entstand, wie das gesamte hochwassergesch\u00fctzte Areal um das Kurhaus, durch erhebliche Aufsch\u00fcttungen.<\/p>\n<p>Auch die Gestaltung der Einm\u00fcndung im Bereich des Buschweges wurde grundlegend ver\u00e4ndert.<\/p>\n<p><strong>Der j\u00fcdische Friedhof, dessen Existenz hier durch arch\u00e4ologische Befunde im Juli 2011 nachgewiesen werden konnte, befand sich, zumindest im Jahr 1860, innerhalb der Stadtmauer!<\/strong><\/p>\n<p>F\u00fcr die freundliche Bereitstellung des Luftbildes bedanke ich mich bei Steffen Mainka (<a href=\"http:\/\/www.fotofliegen.de\/\" target=\"_blank\">www.fotofliegen.de<\/a>).<\/p>\n<p>[references class=&#8220;compact&#8220; \/]<\/p>\n<div class=\"speaker-mute footnotes_reference_container\"> <div class=\"footnote_container_prepare\"><p><span role=\"button\" tabindex=\"0\" class=\"footnote_reference_container_label pointer\" onclick=\"footnote_expand_collapse_reference_container_264_1();\">Fu\u00dfnoten<\/span><span role=\"button\" tabindex=\"0\" class=\"footnote_reference_container_collapse_button\" style=\"display: none;\" onclick=\"footnote_expand_collapse_reference_container_264_1();\">[<a id=\"footnote_reference_container_collapse_button_264_1\">+<\/a>]<\/span><\/p><\/div> <div id=\"footnote_references_container_264_1\" style=\"\"><table class=\"footnotes_table footnote-reference-container\"><caption class=\"accessibility\">Fu\u00dfnoten<\/caption> <tbody> \r\n\r\n<tr class=\"footnotes_plugin_reference_row\"> <th scope=\"row\" class=\"footnote_plugin_index_combi pointer\"  onclick=\"footnote_moveToAnchor_264_1('footnote_plugin_tooltip_264_1_1');\"><a id=\"footnote_plugin_reference_264_1_1\" class=\"footnote_backlink\"><span class=\"footnote_index_arrow\">&#8593;<\/span>1<\/a><\/th> <td class=\"footnote_plugin_text\">Auf den Spuren der Gotik &#8211;\u00a0<a title=\"Tagungsband: Stadtgeschichte im Spannungsfeld\" href=\"http:\/\/spannungsfeld.ksb-anhalt.de\/Kolloquium_2010\/Publikation.html\" target=\"_blank\">Begleitband zum Kolloquium\u00a0Stadtgeschichte im Spannungsfeld<\/a>\u00a0&#8211; Bernburgs Weg zur fr\u00fchneuzeitlichen Residenzstadt der F\u00fcrsten von Anhalt Bernburg: F\u00f6rderer der Kulturstiftung e.V., 2011, S. 76<\/td><\/tr>\r\n\r\n<tr class=\"footnotes_plugin_reference_row\"> <th scope=\"row\" class=\"footnote_plugin_index_combi pointer\"  onclick=\"footnote_moveToAnchor_264_1('footnote_plugin_tooltip_264_1_2');\"><a id=\"footnote_plugin_reference_264_1_2\" class=\"footnote_backlink\"><span class=\"footnote_index_arrow\">&#8593;<\/span>2<\/a><\/th> <td class=\"footnote_plugin_text\">Siehe dazu den Internet-Artikel <a title=\"100 Jahre Kurhaus Bernburg\" href=\"http:\/\/www.theater-bernburg.de\/kurhaus\/geschichte.html\" target=\"_blank\">&#8222;100 Jahre Kurhaus Bernburg&#8220;<\/a> <\/td><\/tr>\r\n\r\n <\/tbody> <\/table> <\/div><\/div><script type=\"text\/javascript\"> function footnote_expand_reference_container_264_1() { jQuery('#footnote_references_container_264_1').show(); jQuery('#footnote_reference_container_collapse_button_264_1').text('\u2212'); } function footnote_collapse_reference_container_264_1() { jQuery('#footnote_references_container_264_1').hide(); jQuery('#footnote_reference_container_collapse_button_264_1').text('+'); } function footnote_expand_collapse_reference_container_264_1() { if (jQuery('#footnote_references_container_264_1').is(':hidden')) { footnote_expand_reference_container_264_1(); } else { footnote_collapse_reference_container_264_1(); } } function footnote_moveToReference_264_1(p_str_TargetID) { footnote_expand_reference_container_264_1(); var l_obj_Target = jQuery('#' + p_str_TargetID); if (l_obj_Target.length) { jQuery( 'html, body' ).delay( 0 ); jQuery('html, body').animate({ scrollTop: l_obj_Target.offset().top - window.innerHeight * 0.2 }, 380); } } function footnote_moveToAnchor_264_1(p_str_TargetID) { footnote_expand_reference_container_264_1(); var l_obj_Target = jQuery('#' + p_str_TargetID); if (l_obj_Target.length) { jQuery( 'html, body' ).delay( 0 ); jQuery('html, body').animate({ scrollTop: l_obj_Target.offset().top - window.innerHeight * 0.2 }, 380); } }<\/script>","protected":false},"excerpt":{"rendered":"<p>Wer kennt nicht den Bernburger Kaiplatz? Ob mit dem Auto oder zu Fu\u00df, an diesem wichtigen Ort am Saaleufer kommt kein Bernburger vorbei. Als die Saale noch aktiv zum G\u00fctertransport genutzt wurde, lag hier ein wichtiger Verkehrsknotenpunkt zwischen Fluss und &hellip; <a href=\"https:\/\/www.boehlk.eu\/mittelalterorte\/verschuttete-geheimnisse-wie-sah-der-kaiplatz-vor-150-jahren-aus\/\">Weiterlesen <span class=\"meta-nav\">&rarr;<\/span><\/a><\/p>\n","protected":false},"author":1,"featured_media":286,"parent":0,"menu_order":0,"comment_status":"open","ping_status":"open","template":"sidebar-page.php","meta":{"footnotes":""},"class_list":["post-264","page","type-page","status-publish","has-post-thumbnail","hentry"],"_links":{"self":[{"href":"https:\/\/www.boehlk.eu\/mittelalterorte\/wp-json\/wp\/v2\/pages\/264","targetHints":{"allow":["GET"]}}],"collection":[{"href":"https:\/\/www.boehlk.eu\/mittelalterorte\/wp-json\/wp\/v2\/pages"}],"about":[{"href":"https:\/\/www.boehlk.eu\/mittelalterorte\/wp-json\/wp\/v2\/types\/page"}],"author":[{"embeddable":true,"href":"https:\/\/www.boehlk.eu\/mittelalterorte\/wp-json\/wp\/v2\/users\/1"}],"replies":[{"embeddable":true,"href":"https:\/\/www.boehlk.eu\/mittelalterorte\/wp-json\/wp\/v2\/comments?post=264"}],"version-history":[{"count":20,"href":"https:\/\/www.boehlk.eu\/mittelalterorte\/wp-json\/wp\/v2\/pages\/264\/revisions"}],"predecessor-version":[{"id":334,"href":"https:\/\/www.boehlk.eu\/mittelalterorte\/wp-json\/wp\/v2\/pages\/264\/revisions\/334"}],"wp:featuredmedia":[{"embeddable":true,"href":"https:\/\/www.boehlk.eu\/mittelalterorte\/wp-json\/wp\/v2\/media\/286"}],"wp:attachment":[{"href":"https:\/\/www.boehlk.eu\/mittelalterorte\/wp-json\/wp\/v2\/media?parent=264"}],"curies":[{"name":"wp","href":"https:\/\/api.w.org\/{rel}","templated":true}]}}