{"id":1017,"date":"2017-01-14T19:02:32","date_gmt":"2017-01-14T18:02:32","guid":{"rendered":"http:\/\/www.boehlk.eu\/mittelalterorte\/?page_id=1017"},"modified":"2017-01-16T14:35:07","modified_gmt":"2017-01-16T13:35:07","slug":"bildprogramm","status":"publish","type":"page","link":"https:\/\/www.boehlk.eu\/mittelalterorte\/die-leuchte\/bildprogramm\/","title":{"rendered":"Bildprogramm"},"content":{"rendered":"<div class=\"wpb-content-wrapper\"><p>[vc_row][vc_column width=&#8220;1\/3&#8243;][vc_single_image image=&#8220;1054&#8243; img_size=&#8220;full&#8220; add_caption=&#8220;yes&#8220; onclick=&#8220;zoom&#8220;][\/vc_column][vc_column width=&#8220;2\/3&#8243;][vc_column_text]Alle Bildnisreliefs der dargestellten F\u00fcrsten befanden sich einst am zur Bauzeit frei stehenden s\u00fcdlichen Eckturm und wurden bei der Instandsetzung der 1930er-Jahre \u2013 teils durch Abg\u00fcsse ersetzt \u2013 auf beide Eckt\u00fcrme verteilt. Ihre urspr\u00fcngliche Anordnung hat bereits Johann Christoph Beckmann beschrieben.<span class=\"footnote_referrer\"><a role=\"button\" tabindex=\"0\" onclick=\"footnote_moveToReference_1017_1('footnote_plugin_reference_1017_1_1');\" onkeypress=\"footnote_moveToReference_1017_1('footnote_plugin_reference_1017_1_1');\" ><sup id=\"footnote_plugin_tooltip_1017_1_1\" class=\"footnote_plugin_tooltip_text\">[1]<\/sup><\/a><span id=\"footnote_plugin_tooltip_text_1017_1_1\" class=\"footnote_tooltip\">Beckmann 1999, S. 124. <\/span><\/span><script type=\"text\/javascript\"> jQuery('#footnote_plugin_tooltip_1017_1_1').tooltip({ tip: '#footnote_plugin_tooltip_text_1017_1_1', tipClass: 'footnote_tooltip', effect: 'fade', predelay: 0, fadeInSpeed: 200, delay: 400, fadeOutSpeed: 200, position: 'top center', relative: true, offset: [-7, 0], });<\/script> Im Zuge der neuzeitlichen Restaurierung der Fassade erg\u00e4nzte der Bernburger Bildhauer Wolfgang M\u00fcller einzelne Teile und soll dabei angeblich sogar fehlende Modelle nach Vorlagen Lucas Cranachs des \u00c4lteren neu geschaffen haben.<span class=\"footnote_referrer\"><a role=\"button\" tabindex=\"0\" onclick=\"footnote_moveToReference_1017_1('footnote_plugin_reference_1017_1_2');\" onkeypress=\"footnote_moveToReference_1017_1('footnote_plugin_reference_1017_1_2');\" ><sup id=\"footnote_plugin_tooltip_1017_1_2\" class=\"footnote_plugin_tooltip_text\">[2]<\/sup><\/a><span id=\"footnote_plugin_tooltip_text_1017_1_2\" class=\"footnote_tooltip\">R\u00fcdiger 2008, S. 111. <\/span><\/span><script type=\"text\/javascript\"> jQuery('#footnote_plugin_tooltip_1017_1_2').tooltip({ tip: '#footnote_plugin_tooltip_text_1017_1_2', tipClass: 'footnote_tooltip', effect: 'fade', predelay: 0, fadeInSpeed: 200, delay: 400, fadeOutSpeed: 200, position: 'top center', relative: true, offset: [-7, 0], });<\/script> Einige der damals geborgenen Originalreliefs sind gegenw\u00e4rtig im Keller des Bernburger Schlossmuseums zu besichtigen.[\/vc_column_text][vc_column_text]Eine in ihrer gestalterischen Komposition bisher einzigartige Relieftafel zeigt das Baumeisterbildnis Andreas G\u00fcnthers neben einer allegorischen Darstellung mit konfessioneller Aussage und einem Textzitat aus dem R\u00f6merbrief 5,3, welches der ersten Bibel\u00fcbersetzung Martin Luthers aus dem Jahre 1534 entnommen wurde.<span class=\"footnote_referrer\"><a role=\"button\" tabindex=\"0\" onclick=\"footnote_moveToReference_1017_1('footnote_plugin_reference_1017_1_3');\" onkeypress=\"footnote_moveToReference_1017_1('footnote_plugin_reference_1017_1_3');\" ><sup id=\"footnote_plugin_tooltip_1017_1_3\" class=\"footnote_plugin_tooltip_text\">[3]<\/sup><\/a><span id=\"footnote_plugin_tooltip_text_1017_1_3\" class=\"footnote_tooltip\">Neugebauer 2011, S. 141. <\/span><\/span><script type=\"text\/javascript\"> jQuery('#footnote_plugin_tooltip_1017_1_3').tooltip({ tip: '#footnote_plugin_tooltip_text_1017_1_3', tipClass: 'footnote_tooltip', effect: 'fade', predelay: 0, fadeInSpeed: 200, delay: 400, fadeOutSpeed: 200, position: 'top center', relative: true, offset: [-7, 0], });<\/script> Diese vermutlich gut sichtbar an der hofseitigen Br\u00fcstung der \u201eLeuchte\u201c angebrachte Widmung verleiht dem gesamten Geb\u00e4ude den Charakter eines \u201esteinernen Bekenntnisses\u201c.[\/vc_column_text][\/vc_column][\/vc_row][vc_row][vc_column][vc_single_image image=&#8220;1055&#8243; img_size=&#8220;full&#8220; add_caption=&#8220;yes&#8220; onclick=&#8220;img_link_large&#8220;][vc_column_text]Zu Lebzeiten Martin Luthers und der dargestellten F\u00fcrsten entstand somit hoch \u00fcber der Saale eine architektonische Inszenierung, die wesentliche Motive und Ideale der f\u00fcrstlichen Tr\u00e4gergruppe der reformatorischen Bewegung medial hoch verdichtet zum Ausdruck brachte. Dieser Sachverhalt ist bemerkenswert, denn man kann sich durchaus vorstellen, dass die als Teilnehmer der imagin\u00e4ren F\u00fcrstenversammlung an der \u201eLeuchte\u201c gezeigten Personen ihre dortige Darstellung zur Kenntnis nahmen und den Bauherren F\u00fcrst Wolfgang bei n\u00e4chster Gelegenheit auch darauf ansprachen.[\/vc_column_text][vc_custom_heading text=&#8220;Die steinerne F\u00fcrstenversammlung: Wie reagierten die Dargestellten?&#8220; font_container=&#8220;tag:div|text_align:left&#8220; use_theme_fonts=&#8220;yes&#8220; el_class=&#8220;zu_leuchte&#8220;][\/vc_column][\/vc_row][vc_row][vc_column width=&#8220;1\/2&#8243;][vc_single_image image=&#8220;1064&#8243; img_size=&#8220;full&#8220; add_caption=&#8220;yes&#8220; onclick=&#8220;img_link_large&#8220;][\/vc_column][vc_column width=&#8220;1\/2&#8243;][vc_single_image image=&#8220;1062&#8243; img_size=&#8220;full&#8220; add_caption=&#8220;yes&#8220; onclick=&#8220;img_link_large&#8220;][\/vc_column][\/vc_row][vc_row][vc_column width=&#8220;1\/2&#8243;][vc_single_image image=&#8220;1063&#8243; img_size=&#8220;full&#8220; add_caption=&#8220;yes&#8220; onclick=&#8220;img_link_large&#8220;][\/vc_column][vc_column width=&#8220;1\/2&#8243;][vc_single_image image=&#8220;1061&#8243; img_size=&#8220;full&#8220; add_caption=&#8220;yes&#8220; onclick=&#8220;img_link_large&#8220;][\/vc_column][\/vc_row][vc_row][vc_column][vc_column_text]W\u00e4hrend F\u00fcrsten wie Philipp I. von Braunschweig-Grubenhagen oder der s\u00e4chsische Kurf\u00fcrst Johann Friedrich offen als Protagonisten der reformatorischen Bewegung agierten, verhielt sich der ebenfalls dargestellte Kurf\u00fcrst Joachim II. von Brandenburg vorsichtiger.<span class=\"footnote_referrer\"><a role=\"button\" tabindex=\"0\" onclick=\"footnote_moveToReference_1017_1('footnote_plugin_reference_1017_1_4');\" onkeypress=\"footnote_moveToReference_1017_1('footnote_plugin_reference_1017_1_4');\" ><sup id=\"footnote_plugin_tooltip_1017_1_4\" class=\"footnote_plugin_tooltip_text\">[4]<\/sup><\/a><span id=\"footnote_plugin_tooltip_text_1017_1_4\" class=\"footnote_tooltip\">Stegmann. <\/span><\/span><script type=\"text\/javascript\"> jQuery('#footnote_plugin_tooltip_1017_1_4').tooltip({ tip: '#footnote_plugin_tooltip_text_1017_1_4', tipClass: 'footnote_tooltip', effect: 'fade', predelay: 0, fadeInSpeed: 200, delay: 400, fadeOutSpeed: 200, position: 'top center', relative: true, offset: [-7, 0], });<\/script><\/p>\n<p>Die \u201eLeuchte\u201c entstand in einer Phase, in der die konfessionellen Gegens\u00e4tze im \u201eObers\u00e4chsischen Reichskreis\u201c, dem auch die Anhaltiner zugeordnet waren, nach und nach verschwanden. Pommern (1534\/35), die Mark Brandenburg (1539\/40) und auch das albertinische Sachsen (1539) wandten sich der Reformation zu. Die Kurf\u00fcrsten von Brandenburg und Sachsen verfolgten gleichzeitig eine Politik der Abschottung gegen das Reich.<span class=\"footnote_referrer\"><a role=\"button\" tabindex=\"0\" onclick=\"footnote_moveToReference_1017_1('footnote_plugin_reference_1017_1_5');\" onkeypress=\"footnote_moveToReference_1017_1('footnote_plugin_reference_1017_1_5');\" ><sup id=\"footnote_plugin_tooltip_1017_1_5\" class=\"footnote_plugin_tooltip_text\">[5]<\/sup><\/a><span id=\"footnote_plugin_tooltip_text_1017_1_5\" class=\"footnote_tooltip\">Nicklas 2002, S. 64. <\/span><\/span><script type=\"text\/javascript\"> jQuery('#footnote_plugin_tooltip_1017_1_5').tooltip({ tip: '#footnote_plugin_tooltip_text_1017_1_5', tipClass: 'footnote_tooltip', effect: 'fade', predelay: 0, fadeInSpeed: 200, delay: 400, fadeOutSpeed: 200, position: 'top center', relative: true, offset: [-7, 0], });<\/script> \u00dcber dieses herrschten die zwei Habsburger Ferdinand I. als r\u00f6misch-deutscher K\u00f6nig und sein Bruder Karl V. als Kaiser. Der Konflikt mit den T\u00fcrken besch\u00e4ftigte die gro\u00dfe Politik. Der K\u00f6nig plante einen offensiven Reichskrieg zur R\u00fcckeroberung der t\u00fcrkisch besetzten Teile Ungarns und setzte dabei auch auf die Finanzmittel der F\u00fcrsten.<span class=\"footnote_referrer\"><a role=\"button\" tabindex=\"0\" onclick=\"footnote_moveToReference_1017_1('footnote_plugin_reference_1017_1_6');\" onkeypress=\"footnote_moveToReference_1017_1('footnote_plugin_reference_1017_1_6');\" ><sup id=\"footnote_plugin_tooltip_1017_1_6\" class=\"footnote_plugin_tooltip_text\">[6]<\/sup><\/a><span id=\"footnote_plugin_tooltip_text_1017_1_6\" class=\"footnote_tooltip\">Nicklas 2002, S. 66 f. <\/span><\/span><script type=\"text\/javascript\"> jQuery('#footnote_plugin_tooltip_1017_1_6').tooltip({ tip: '#footnote_plugin_tooltip_text_1017_1_6', tipClass: 'footnote_tooltip', effect: 'fade', predelay: 0, fadeInSpeed: 200, delay: 400, fadeOutSpeed: 200, position: 'top center', relative: true, offset: [-7, 0], });<\/script> Vor diesem Hintergrund hofften die protestantischen Landesherren, Druck auf Kaiser Karl V. aus\u00fcben zu k\u00f6nnen. Auch dieser ist im Bernburger Bildprogramm vertreten. Die politische Brisanz der gezeigten Disposition l\u00e4sst sich in Anbetracht dieser Konstellation vermutlich nur ansatzweise erahnen.<\/p>\n<p>Eine Deutung des Kunsthistorikers Heiko La\u00df erschlie\u00dft das Bildprogramm am Bernburger Wolfgangbau als Darstellung der Askanier inmitten ihrer f\u00fcrstlichen Nachbarn.<span class=\"footnote_referrer\"><a role=\"button\" tabindex=\"0\" onclick=\"footnote_moveToReference_1017_1('footnote_plugin_reference_1017_1_7');\" onkeypress=\"footnote_moveToReference_1017_1('footnote_plugin_reference_1017_1_7');\" ><sup id=\"footnote_plugin_tooltip_1017_1_7\" class=\"footnote_plugin_tooltip_text\">[7]<\/sup><\/a><span id=\"footnote_plugin_tooltip_text_1017_1_7\" class=\"footnote_tooltip\">B\u00f6hlk 2012, S. 15. <\/span><\/span><script type=\"text\/javascript\"> jQuery('#footnote_plugin_tooltip_1017_1_7').tooltip({ tip: '#footnote_plugin_tooltip_text_1017_1_7', tipClass: 'footnote_tooltip', effect: 'fade', predelay: 0, fadeInSpeed: 200, delay: 400, fadeOutSpeed: 200, position: 'top center', relative: true, offset: [-7, 0], });<\/script> Diese \u00fcbernahmen ihre Titel und die damit verbundenen heraldischen Symbole, wie die Kurf\u00fcrsten von Brandenburg oder die wettinischen Kurf\u00fcrsten und Herz\u00f6ge, zum Teil von den Askaniern. Zudem verbanden F\u00fcrst Wolfgang enge verwandtschaftliche Beziehungen mit den in das Bildprogramm einbezogenen Wettinern. Der dargestellte wettinische Herzog Johann Ernst war der Sohn seiner Schwester Margarete. Mit den Welfen \u2013 besonders den fr\u00fchen Vertretern des F\u00fcrstentums Grubenhagen \u2013 traten die Askanier im Hochmittelalter in intensive Konkurrenzbeziehungen,<span class=\"footnote_referrer\"><a role=\"button\" tabindex=\"0\" onclick=\"footnote_moveToReference_1017_1('footnote_plugin_reference_1017_1_8');\" onkeypress=\"footnote_moveToReference_1017_1('footnote_plugin_reference_1017_1_8');\" ><sup id=\"footnote_plugin_tooltip_1017_1_8\" class=\"footnote_plugin_tooltip_text\">[8]<\/sup><\/a><span id=\"footnote_plugin_tooltip_text_1017_1_8\" class=\"footnote_tooltip\">Ohnsorge 1959, S. 143. <\/span><\/span><script type=\"text\/javascript\"> jQuery('#footnote_plugin_tooltip_1017_1_8').tooltip({ tip: '#footnote_plugin_tooltip_text_1017_1_8', tipClass: 'footnote_tooltip', effect: 'fade', predelay: 0, fadeInSpeed: 200, delay: 400, fadeOutSpeed: 200, position: 'top center', relative: true, offset: [-7, 0], });<\/script> die das verwandtschaftliche Verh\u00e4ltnis beider Familien und ihre einstige F\u00fchrungsrolle in der um 1500 kulturell immer noch ottonisch gepr\u00e4gten s\u00e4chsischen Kernlandschaft an Harz, Elbe und Saale in das Bewusstsein riefen. Immerhin stellten die Askanier mit Mathilde von Brandenburg, die im Jahr 1228 den Welfen Otto I. (genannt \u201edas Kind\u201c) heiratete, die Stammmutter der j\u00fcngeren Zweige dieses F\u00fcrstenhauses.<\/p>\n<p>Da enge Verwandtschaftsverh\u00e4ltnisse im Hochadel aber eher die Regel als die Ausnahme bildeten, forderte La\u00df, dieses Motiv nicht in den Vordergrund zu r\u00fccken oder das Bildprogramm als Anspruchsanmeldung auf ehemalige askanische Herrschaftsgebiete zu deuten. Eher k\u00e4me darin eine <i>\u201eSelbstverherrlichung der Anhaltiner\u201c<\/i><span class=\"footnote_referrer\"><a role=\"button\" tabindex=\"0\" onclick=\"footnote_moveToReference_1017_1('footnote_plugin_reference_1017_1_9');\" onkeypress=\"footnote_moveToReference_1017_1('footnote_plugin_reference_1017_1_9');\" ><sup id=\"footnote_plugin_tooltip_1017_1_9\" class=\"footnote_plugin_tooltip_text\">[9]<\/sup><\/a><span id=\"footnote_plugin_tooltip_text_1017_1_9\" class=\"footnote_tooltip\">Freitag 2003, S. 14. <\/span><\/span><script type=\"text\/javascript\"> jQuery('#footnote_plugin_tooltip_1017_1_9').tooltip({ tip: '#footnote_plugin_tooltip_text_1017_1_9', tipClass: 'footnote_tooltip', effect: 'fade', predelay: 0, fadeInSpeed: 200, delay: 400, fadeOutSpeed: 200, position: 'top center', relative: true, offset: [-7, 0], });<\/script> zum Ausdruck.[\/vc_column_text][vc_custom_heading text=&#8220;Die \u201eLeuchte\u201c \u2013 eine \u201evorweggenommene Gr\u00fcndungsurkunde des Landes Sachsen-Anhalt\u201c?&#8220; font_container=&#8220;tag:div|text_align:left&#8220; use_theme_fonts=&#8220;yes&#8220; el_class=&#8220;zu_leuchte&#8220;][vc_column_text]Dennoch sind die im Bildprogramm der Bernburger \u201eLeuchte\u201c repr\u00e4sentierten geografisch-territorialen Bez\u00fcge f\u00fcr ein neues s\u00e4chsisch-anhaltisches Bewusstsein in Sachsen-Anhalt \u00e4u\u00dferst interessant, verdeutlicht sich doch hier die Bedeutung der Askanier als Fundament, auf dem wichtige territoriale Bausteine, aus denen sich das heutige Bundesland zusammensetzt, gegr\u00fcndet sind. Somit repr\u00e4sentiert der Wolfgangbau als zentraler Verkn\u00fcpfungspunkt mittelalterlicher und fr\u00fchneuzeitlicher askanischer Traditionsstiftung ein wesentliches Element des Memorialortes Bernburg. La\u00df f\u00fchrt dazu aus: <i>\u201eDie \u201aKrone Anhalts\u2018 stellt mit der Leuchte auch einen f\u00fcr Sachsen-Anhalt einmaligen, wenn nicht den zentralen Identifikations- und Erinnerungsort f\u00fcr das ganze Bundesland bereit. Sie verweist auf die gemeinsamen Urspr\u00fcnge aller Landesteile und zeigt den Beginn der Territorialbildung und Reformation in Sachsen-Anhalt und damit den Beginn der Staatlichkeit des gegenw\u00e4rtigen Bundeslandes auf. In Bernburg steht sozusagen eine vorweggenommene Gr\u00fcndungsurkunde des Landes Sachsen-Anhalt, das eingebunden ist in ein gr\u00f6\u00dferes Deutschland. Das macht das Bernburger Schloss neben seinen k\u00fcnstlerischen Qualit\u00e4ten und seiner historisch-politischen Bedeutung zu einer einmaligen Architektur in Sachsen-Anhalt und ganz Deutschland.\u201c<\/i><span class=\"footnote_referrer\"><a role=\"button\" tabindex=\"0\" onclick=\"footnote_moveToReference_1017_1('footnote_plugin_reference_1017_1_10');\" onkeypress=\"footnote_moveToReference_1017_1('footnote_plugin_reference_1017_1_10');\" ><sup id=\"footnote_plugin_tooltip_1017_1_10\" class=\"footnote_plugin_tooltip_text\">[10]<\/sup><\/a><span id=\"footnote_plugin_tooltip_text_1017_1_10\" class=\"footnote_tooltip\">La\u00df 2012, S. 45 f. <\/span><\/span><script type=\"text\/javascript\"> jQuery('#footnote_plugin_tooltip_1017_1_10').tooltip({ tip: '#footnote_plugin_tooltip_text_1017_1_10', tipClass: 'footnote_tooltip', effect: 'fade', predelay: 0, fadeInSpeed: 200, delay: 400, fadeOutSpeed: 200, position: 'top center', relative: true, offset: [-7, 0], });<\/script>[\/vc_column_text][\/vc_column][\/vc_row][vc_row][vc_column][vc_widget_sidebar sidebar_id=&#8220;ca-sidebar-1080&#8243;][\/vc_column][\/vc_row]<\/p>\n<\/div><div class=\"speaker-mute footnotes_reference_container\"> <div class=\"footnote_container_prepare\"><p><span role=\"button\" tabindex=\"0\" class=\"footnote_reference_container_label pointer\" onclick=\"footnote_expand_collapse_reference_container_1017_1();\">Fu\u00dfnoten<\/span><span role=\"button\" tabindex=\"0\" class=\"footnote_reference_container_collapse_button\" style=\"display: none;\" onclick=\"footnote_expand_collapse_reference_container_1017_1();\">[<a id=\"footnote_reference_container_collapse_button_1017_1\">+<\/a>]<\/span><\/p><\/div> <div id=\"footnote_references_container_1017_1\" style=\"\"><table class=\"footnotes_table footnote-reference-container\"><caption class=\"accessibility\">Fu\u00dfnoten<\/caption> <tbody> \r\n\r\n<tr class=\"footnotes_plugin_reference_row\"> <th scope=\"row\" class=\"footnote_plugin_index_combi pointer\"  onclick=\"footnote_moveToAnchor_1017_1('footnote_plugin_tooltip_1017_1_1');\"><a id=\"footnote_plugin_reference_1017_1_1\" class=\"footnote_backlink\"><span class=\"footnote_index_arrow\">&#8593;<\/span>1<\/a><\/th> <td class=\"footnote_plugin_text\">Beckmann 1999, S. 124. <\/td><\/tr>\r\n\r\n<tr class=\"footnotes_plugin_reference_row\"> <th scope=\"row\" class=\"footnote_plugin_index_combi pointer\"  onclick=\"footnote_moveToAnchor_1017_1('footnote_plugin_tooltip_1017_1_2');\"><a id=\"footnote_plugin_reference_1017_1_2\" class=\"footnote_backlink\"><span class=\"footnote_index_arrow\">&#8593;<\/span>2<\/a><\/th> <td class=\"footnote_plugin_text\">R\u00fcdiger 2008, S. 111. <\/td><\/tr>\r\n\r\n<tr class=\"footnotes_plugin_reference_row\"> <th scope=\"row\" class=\"footnote_plugin_index_combi pointer\"  onclick=\"footnote_moveToAnchor_1017_1('footnote_plugin_tooltip_1017_1_3');\"><a id=\"footnote_plugin_reference_1017_1_3\" class=\"footnote_backlink\"><span class=\"footnote_index_arrow\">&#8593;<\/span>3<\/a><\/th> <td class=\"footnote_plugin_text\">Neugebauer 2011, S. 141. <\/td><\/tr>\r\n\r\n<tr class=\"footnotes_plugin_reference_row\"> <th scope=\"row\" class=\"footnote_plugin_index_combi pointer\"  onclick=\"footnote_moveToAnchor_1017_1('footnote_plugin_tooltip_1017_1_4');\"><a id=\"footnote_plugin_reference_1017_1_4\" class=\"footnote_backlink\"><span class=\"footnote_index_arrow\">&#8593;<\/span>4<\/a><\/th> <td class=\"footnote_plugin_text\">Stegmann. <\/td><\/tr>\r\n\r\n<tr class=\"footnotes_plugin_reference_row\"> <th scope=\"row\" class=\"footnote_plugin_index_combi pointer\"  onclick=\"footnote_moveToAnchor_1017_1('footnote_plugin_tooltip_1017_1_5');\"><a id=\"footnote_plugin_reference_1017_1_5\" class=\"footnote_backlink\"><span class=\"footnote_index_arrow\">&#8593;<\/span>5<\/a><\/th> <td class=\"footnote_plugin_text\">Nicklas 2002, S. 64. <\/td><\/tr>\r\n\r\n<tr class=\"footnotes_plugin_reference_row\"> <th scope=\"row\" class=\"footnote_plugin_index_combi pointer\"  onclick=\"footnote_moveToAnchor_1017_1('footnote_plugin_tooltip_1017_1_6');\"><a id=\"footnote_plugin_reference_1017_1_6\" class=\"footnote_backlink\"><span class=\"footnote_index_arrow\">&#8593;<\/span>6<\/a><\/th> <td class=\"footnote_plugin_text\">Nicklas 2002, S. 66 f. <\/td><\/tr>\r\n\r\n<tr class=\"footnotes_plugin_reference_row\"> <th scope=\"row\" class=\"footnote_plugin_index_combi pointer\"  onclick=\"footnote_moveToAnchor_1017_1('footnote_plugin_tooltip_1017_1_7');\"><a id=\"footnote_plugin_reference_1017_1_7\" class=\"footnote_backlink\"><span class=\"footnote_index_arrow\">&#8593;<\/span>7<\/a><\/th> <td class=\"footnote_plugin_text\">B\u00f6hlk 2012, S. 15. <\/td><\/tr>\r\n\r\n<tr class=\"footnotes_plugin_reference_row\"> <th scope=\"row\" class=\"footnote_plugin_index_combi pointer\"  onclick=\"footnote_moveToAnchor_1017_1('footnote_plugin_tooltip_1017_1_8');\"><a id=\"footnote_plugin_reference_1017_1_8\" class=\"footnote_backlink\"><span class=\"footnote_index_arrow\">&#8593;<\/span>8<\/a><\/th> <td class=\"footnote_plugin_text\">Ohnsorge 1959, S. 143. <\/td><\/tr>\r\n\r\n<tr class=\"footnotes_plugin_reference_row\"> <th scope=\"row\" class=\"footnote_plugin_index_combi pointer\"  onclick=\"footnote_moveToAnchor_1017_1('footnote_plugin_tooltip_1017_1_9');\"><a id=\"footnote_plugin_reference_1017_1_9\" class=\"footnote_backlink\"><span class=\"footnote_index_arrow\">&#8593;<\/span>9<\/a><\/th> <td class=\"footnote_plugin_text\">Freitag 2003, S. 14. <\/td><\/tr>\r\n\r\n<tr class=\"footnotes_plugin_reference_row\"> <th scope=\"row\" class=\"footnote_plugin_index_combi pointer\"  onclick=\"footnote_moveToAnchor_1017_1('footnote_plugin_tooltip_1017_1_10');\"><a id=\"footnote_plugin_reference_1017_1_10\" class=\"footnote_backlink\"><span class=\"footnote_index_arrow\">&#8593;<\/span>10<\/a><\/th> <td class=\"footnote_plugin_text\">La\u00df 2012, S. 45 f. <\/td><\/tr>\r\n\r\n <\/tbody> <\/table> <\/div><\/div><script type=\"text\/javascript\"> function footnote_expand_reference_container_1017_1() { jQuery('#footnote_references_container_1017_1').show(); jQuery('#footnote_reference_container_collapse_button_1017_1').text('\u2212'); } function footnote_collapse_reference_container_1017_1() { jQuery('#footnote_references_container_1017_1').hide(); jQuery('#footnote_reference_container_collapse_button_1017_1').text('+'); } function footnote_expand_collapse_reference_container_1017_1() { if (jQuery('#footnote_references_container_1017_1').is(':hidden')) { footnote_expand_reference_container_1017_1(); } else { footnote_collapse_reference_container_1017_1(); } } function footnote_moveToReference_1017_1(p_str_TargetID) { footnote_expand_reference_container_1017_1(); var l_obj_Target = jQuery('#' + p_str_TargetID); if (l_obj_Target.length) { jQuery( 'html, body' ).delay( 0 ); jQuery('html, body').animate({ scrollTop: l_obj_Target.offset().top - window.innerHeight * 0.2 }, 380); } } function footnote_moveToAnchor_1017_1(p_str_TargetID) { footnote_expand_reference_container_1017_1(); var l_obj_Target = jQuery('#' + p_str_TargetID); if (l_obj_Target.length) { jQuery( 'html, body' ).delay( 0 ); jQuery('html, body').animate({ scrollTop: l_obj_Target.offset().top - window.innerHeight * 0.2 }, 380); } }<\/script>","protected":false},"excerpt":{"rendered":"<p>[vc_row][vc_column width=&#8220;1\/3&#8243;][vc_single_image image=&#8220;1054&#8243; img_size=&#8220;full&#8220; add_caption=&#8220;yes&#8220; onclick=&#8220;zoom&#8220;][\/vc_column][vc_column width=&#8220;2\/3&#8243;][vc_column_text]Alle Bildnisreliefs der dargestellten F\u00fcrsten befanden sich einst am zur Bauzeit frei stehenden s\u00fcdlichen Eckturm und wurden bei der Instandsetzung der 1930er-Jahre \u2013 teils durch Abg\u00fcsse ersetzt \u2013 auf beide Eckt\u00fcrme verteilt. Ihre urspr\u00fcngliche &hellip; <a href=\"https:\/\/www.boehlk.eu\/mittelalterorte\/die-leuchte\/bildprogramm\/\">Weiterlesen <span class=\"meta-nav\">&rarr;<\/span><\/a><\/p>\n","protected":false},"author":1,"featured_media":0,"parent":971,"menu_order":4,"comment_status":"closed","ping_status":"closed","template":"","meta":{"footnotes":""},"class_list":["post-1017","page","type-page","status-publish","hentry"],"_links":{"self":[{"href":"https:\/\/www.boehlk.eu\/mittelalterorte\/wp-json\/wp\/v2\/pages\/1017","targetHints":{"allow":["GET"]}}],"collection":[{"href":"https:\/\/www.boehlk.eu\/mittelalterorte\/wp-json\/wp\/v2\/pages"}],"about":[{"href":"https:\/\/www.boehlk.eu\/mittelalterorte\/wp-json\/wp\/v2\/types\/page"}],"author":[{"embeddable":true,"href":"https:\/\/www.boehlk.eu\/mittelalterorte\/wp-json\/wp\/v2\/users\/1"}],"replies":[{"embeddable":true,"href":"https:\/\/www.boehlk.eu\/mittelalterorte\/wp-json\/wp\/v2\/comments?post=1017"}],"version-history":[{"count":6,"href":"https:\/\/www.boehlk.eu\/mittelalterorte\/wp-json\/wp\/v2\/pages\/1017\/revisions"}],"predecessor-version":[{"id":1098,"href":"https:\/\/www.boehlk.eu\/mittelalterorte\/wp-json\/wp\/v2\/pages\/1017\/revisions\/1098"}],"up":[{"embeddable":true,"href":"https:\/\/www.boehlk.eu\/mittelalterorte\/wp-json\/wp\/v2\/pages\/971"}],"wp:attachment":[{"href":"https:\/\/www.boehlk.eu\/mittelalterorte\/wp-json\/wp\/v2\/media?parent=1017"}],"curies":[{"name":"wp","href":"https:\/\/api.w.org\/{rel}","templated":true}]}}